{"id":244,"date":"2024-05-13T09:21:57","date_gmt":"2024-05-13T09:21:57","guid":{"rendered":"http:\/\/zirafidoupe.dev-null.cz\/?page_id=244"},"modified":"2024-05-13T09:21:57","modified_gmt":"2024-05-13T09:21:57","slug":"poezie","status":"publish","type":"page","link":"http:\/\/zirafidoupe.dev-null.cz\/index.php\/poezie\/","title":{"rendered":"Poezie"},"content":{"rendered":"<style>.wp-show-posts-columns#wpsp-241 {margin-left: -2em; }.wp-show-posts-columns#wpsp-241 .wp-show-posts-inner {margin: 0 0 2em 2em; }<\/style><section id=\"wpsp-241\" class=\" wp-show-posts-columns wp-show-posts\" style=\"\"><article class=\" wp-show-posts-single post-386 post type-post status-publish format-standard has-post-thumbnail hentry category-inktober category-inktober52 category-poezie wpsp-col-6\" itemtype=\"http:\/\/schema.org\/CreativeWork\" itemscope><div class=\"wp-show-posts-inner\" style=\"\">\t\t\t\t\t\t<header class=\"wp-show-posts-entry-header\">\n\t\t\t\t\t\t\t<h2 class=\"wp-show-posts-entry-title\" itemprop=\"headline\"><a href=\"http:\/\/zirafidoupe.dev-null.cz\/index.php\/2025\/04\/24\/nocni-rej\/\" rel=\"bookmark\">No\u010dn\u00ed rej<\/a><\/h2><div class=\"wp-show-posts-entry-meta wp-show-posts-entry-meta-below-title post-meta-inline\"><span class=\"wp-show-posts-posted-on wp-show-posts-meta\">\n\t\t\t\t\t<a href=\"http:\/\/zirafidoupe.dev-null.cz\/index.php\/2025\/04\/24\/nocni-rej\/\" title=\"3:33 pm\" rel=\"bookmark\"><time class=\"wp-show-posts-entry-date published\" datetime=\"2025-04-24T15:33:35+00:00\" itemprop=\"datePublished\">April 24, 2025<\/time><\/a>\n\t\t\t\t<\/span><\/div>\t\t\t\t\t\t<\/header><!-- .entry-header -->\n\t\t\t\t\t\t\t<div class=\"wp-show-posts-image  wpsp-image-center \">\n\t\t\t<a href=\"http:\/\/zirafidoupe.dev-null.cz\/index.php\/2025\/04\/24\/nocni-rej\/\"  title=\"No\u010dn\u00ed rej\"><img loading=\"lazy\" decoding=\"async\" width=\"592\" height=\"364\" src=\"http:\/\/zirafidoupe.dev-null.cz\/wp-content\/uploads\/2025\/04\/lamp_title.jpg\" class=\"attachment-full size-full wp-post-image\" alt=\"\" itemprop=\"image\" srcset=\"http:\/\/zirafidoupe.dev-null.cz\/wp-content\/uploads\/2025\/04\/lamp_title.jpg 592w, http:\/\/zirafidoupe.dev-null.cz\/wp-content\/uploads\/2025\/04\/lamp_title-300x184.jpg 300w\" sizes=\"(max-width: 592px) 100vw, 592px\" \/><\/a>\t\t<\/div>\n\t\t\t\t\t\t\t\t<div class=\"wp-show-posts-entry-summary\" itemprop=\"text\">\n\t\t\t\t\t\t\t<p>T\u00e9ma lampa sk\u00fdt\u00e1 v\u0161elijak\u00e9 mo\u017enosti. M\u016f\u017ee b\u00fdt symbol nad\u011bje, sv\u011btlo v temnot\u00e1ch, maj\u00e1k v bou\u0159i, nebo t\u0159eba p\u0159\u00edle\u017eitost p\u0159ij\u00edt snadno si k dobr\u00e9 ve\u010de\u0159i.<\/p>\n\t\t\t\t\t\t<\/div><!-- .entry-summary -->\n\t\t\t\t\t<\/div><!-- wp-show-posts-inner --><\/article><article class=\" wp-show-posts-single post-378 post type-post status-publish format-standard has-post-thumbnail hentry category-inktober category-inktober52 category-kresby category-poezie wpsp-col-6\" itemtype=\"http:\/\/schema.org\/CreativeWork\" itemscope><div class=\"wp-show-posts-inner\" style=\"\">\t\t\t\t\t\t<header class=\"wp-show-posts-entry-header\">\n\t\t\t\t\t\t\t<h2 class=\"wp-show-posts-entry-title\" itemprop=\"headline\"><a href=\"http:\/\/zirafidoupe.dev-null.cz\/index.php\/2025\/04\/08\/pivni-ryba\/\" rel=\"bookmark\">Pivn\u00ed ryba<\/a><\/h2><div class=\"wp-show-posts-entry-meta wp-show-posts-entry-meta-below-title post-meta-inline\"><span class=\"wp-show-posts-posted-on wp-show-posts-meta\">\n\t\t\t\t\t<a href=\"http:\/\/zirafidoupe.dev-null.cz\/index.php\/2025\/04\/08\/pivni-ryba\/\" title=\"10:51 am\" rel=\"bookmark\"><time class=\"wp-show-posts-entry-date published\" datetime=\"2025-04-08T10:51:30+00:00\" itemprop=\"datePublished\">April 8, 2025<\/time><time class=\"wp-show-posts-updated\" datetime=\"2025-12-02T10:12:00+00:00\" itemprop=\"dateModified\">December 2, 2025<\/time><\/a>\n\t\t\t\t<\/span><\/div>\t\t\t\t\t\t<\/header><!-- .entry-header -->\n\t\t\t\t\t\t\t<div class=\"wp-show-posts-image  wpsp-image-center \">\n\t\t\t<a href=\"http:\/\/zirafidoupe.dev-null.cz\/index.php\/2025\/04\/08\/pivni-ryba\/\"  title=\"Pivn\u00ed ryba\"><img loading=\"lazy\" decoding=\"async\" width=\"300\" height=\"141\" src=\"http:\/\/zirafidoupe.dev-null.cz\/wp-content\/uploads\/2025\/04\/PXL_20250227_131841792-scaled-e1744109449253.jpg\" class=\"attachment-full size-full wp-post-image\" alt=\"\" itemprop=\"image\" \/><\/a>\t\t<\/div>\n\t\t\t\t\t\t\t\t<div class=\"wp-show-posts-entry-summary\" itemprop=\"text\">\n\t\t\t\t\t\t\t<p>Po p\u00e1r pivech, prolo\u017een\u00fdch p\u0159\u00edpadn\u011b n\u011b\u010d\u00edm ost\u0159ej\u0161\u00edm, m\u016f\u017ee \u010dlov\u011bk vid\u011bt r\u016fzn\u00e9 v\u011bci. T\u0159eba i takovou alkorybu.<br \/>\n#inktober52 #inktober52pisces<\/p>\n\t\t\t\t\t\t<\/div><!-- .entry-summary -->\n\t\t\t\t\t<\/div><!-- wp-show-posts-inner --><\/article><article class=\" wp-show-posts-single post-365 post type-post status-publish format-standard has-post-thumbnail hentry category-inktober category-inktober52 category-kresby category-poezie category-strasidla-a-prisery wpsp-col-6\" itemtype=\"http:\/\/schema.org\/CreativeWork\" itemscope><div class=\"wp-show-posts-inner\" style=\"\">\t\t\t\t\t\t<header class=\"wp-show-posts-entry-header\">\n\t\t\t\t\t\t\t<h2 class=\"wp-show-posts-entry-title\" itemprop=\"headline\"><a href=\"http:\/\/zirafidoupe.dev-null.cz\/index.php\/2025\/02\/21\/nespokojena-mumie\/\" rel=\"bookmark\">Nespokojen\u00e1 mumie<\/a><\/h2><div class=\"wp-show-posts-entry-meta wp-show-posts-entry-meta-below-title post-meta-inline\"><span class=\"wp-show-posts-posted-on wp-show-posts-meta\">\n\t\t\t\t\t<a href=\"http:\/\/zirafidoupe.dev-null.cz\/index.php\/2025\/02\/21\/nespokojena-mumie\/\" title=\"12:45 pm\" rel=\"bookmark\"><time class=\"wp-show-posts-entry-date published\" datetime=\"2025-02-21T12:45:00+00:00\" itemprop=\"datePublished\">February 21, 2025<\/time><time class=\"wp-show-posts-updated\" datetime=\"2025-02-20T12:47:48+00:00\" itemprop=\"dateModified\">February 20, 2025<\/time><\/a>\n\t\t\t\t<\/span><\/div>\t\t\t\t\t\t<\/header><!-- .entry-header -->\n\t\t\t\t\t\t\t<div class=\"wp-show-posts-image  wpsp-image-center \">\n\t\t\t<a href=\"http:\/\/zirafidoupe.dev-null.cz\/index.php\/2025\/02\/21\/nespokojena-mumie\/\"  title=\"Nespokojen\u00e1 mumie\"><img loading=\"lazy\" decoding=\"async\" width=\"300\" height=\"137\" src=\"http:\/\/zirafidoupe.dev-null.cz\/wp-content\/uploads\/2025\/02\/PXL_20250219_143553516.MP2_-1-scaled-e1740055623432.jpg\" class=\"attachment-full size-full wp-post-image\" alt=\"\" itemprop=\"image\" \/><\/a>\t\t<\/div>\n\t\t\t\t\t\t\t\t<div class=\"wp-show-posts-entry-summary\" itemprop=\"text\">\n\t\t\t\t\t\t\t<p>Tak tenhle t\u00fdden tu m\u00e1me jednu malou legr\u00e1cku, kter\u00e1 zapad\u00e1 jak do poezie, tak do oblasti nadp\u0159irozena. I kdy\u017e tuhle ubohou mumii by lovci duch\u016f nejsp\u00ed\u0161 nechali na pokoji. Mo\u017en\u00e1 by j\u00ed i donesli n\u011bjakou matraci a \u0161punty do u\u0161\u00ed \ud83d\ude09<\/p>\n<p>#inktober52 #inktober52pyramid<\/p>\n\t\t\t\t\t\t<\/div><!-- .entry-summary -->\n\t\t\t\t\t<\/div><!-- wp-show-posts-inner --><\/article><article class=\" wp-show-posts-single post-375 post type-post status-publish format-standard has-post-thumbnail hentry category-inktober category-inktober52 category-kresby category-poezie wpsp-col-6\" itemtype=\"http:\/\/schema.org\/CreativeWork\" itemscope><div class=\"wp-show-posts-inner\" style=\"\">\t\t\t\t\t\t<header class=\"wp-show-posts-entry-header\">\n\t\t\t\t\t\t\t<h2 class=\"wp-show-posts-entry-title\" itemprop=\"headline\"><a href=\"http:\/\/zirafidoupe.dev-null.cz\/index.php\/2025\/02\/20\/bobr-stavitel\/\" rel=\"bookmark\">Bobr stavitel<\/a><\/h2><div class=\"wp-show-posts-entry-meta wp-show-posts-entry-meta-below-title post-meta-inline\"><span class=\"wp-show-posts-posted-on wp-show-posts-meta\">\n\t\t\t\t\t<a href=\"http:\/\/zirafidoupe.dev-null.cz\/index.php\/2025\/02\/20\/bobr-stavitel\/\" title=\"12:52 pm\" rel=\"bookmark\"><time class=\"wp-show-posts-entry-date published\" datetime=\"2025-02-20T12:52:50+00:00\" itemprop=\"datePublished\">February 20, 2025<\/time><\/a>\n\t\t\t\t<\/span><\/div>\t\t\t\t\t\t<\/header><!-- .entry-header -->\n\t\t\t\t\t\t\t<div class=\"wp-show-posts-image  wpsp-image-center \">\n\t\t\t<a href=\"http:\/\/zirafidoupe.dev-null.cz\/index.php\/2025\/02\/20\/bobr-stavitel\/\"  title=\"Bobr stavitel\"><img loading=\"lazy\" decoding=\"async\" width=\"300\" height=\"208\" src=\"http:\/\/zirafidoupe.dev-null.cz\/wp-content\/uploads\/2025\/02\/PXL_20250214_0921594982-scaled-e1740055019320.jpg\" class=\"attachment-full size-full wp-post-image\" alt=\"\" itemprop=\"image\" \/><\/a>\t\t<\/div>\n\t\t\t\t\t\t\t\t<div class=\"wp-show-posts-entry-summary\" itemprop=\"text\">\n\t\t\t\t\t\t\t<p>S \u00fa\u0159edn\u00edky je to \u010dasto na dlouh\u00e9 lokte, to asi v\u00edme v\u0161ichni. Je\u0161t\u011b \u017ee bob\u0159\u00ed se o n\u011bjak\u00e9 to pap\u00edrov\u00e1n\u00ed nestaraj\u00ed.<\/p>\n<p>#inktober52 #inktober52swamp<\/p>\n\t\t\t\t\t\t<\/div><!-- .entry-summary -->\n\t\t\t\t\t<\/div><!-- wp-show-posts-inner --><\/article><article class=\" wp-show-posts-single post-358 post type-post status-publish format-standard has-post-thumbnail hentry category-inktober category-inktober52 category-kresby category-poezie wpsp-col-6\" itemtype=\"http:\/\/schema.org\/CreativeWork\" itemscope><div class=\"wp-show-posts-inner\" style=\"\">\t\t\t\t\t\t<header class=\"wp-show-posts-entry-header\">\n\t\t\t\t\t\t\t<h2 class=\"wp-show-posts-entry-title\" itemprop=\"headline\"><a href=\"http:\/\/zirafidoupe.dev-null.cz\/index.php\/2025\/01\/20\/tik-tak\/\" rel=\"bookmark\">Tik tak<\/a><\/h2><div class=\"wp-show-posts-entry-meta wp-show-posts-entry-meta-below-title post-meta-inline\"><span class=\"wp-show-posts-posted-on wp-show-posts-meta\">\n\t\t\t\t\t<a href=\"http:\/\/zirafidoupe.dev-null.cz\/index.php\/2025\/01\/20\/tik-tak\/\" title=\"2:00 pm\" rel=\"bookmark\"><time class=\"wp-show-posts-entry-date published\" datetime=\"2025-01-20T14:00:29+00:00\" itemprop=\"datePublished\">January 20, 2025<\/time><time class=\"wp-show-posts-updated\" datetime=\"2025-02-20T12:53:10+00:00\" itemprop=\"dateModified\">February 20, 2025<\/time><\/a>\n\t\t\t\t<\/span><\/div>\t\t\t\t\t\t<\/header><!-- .entry-header -->\n\t\t\t\t\t\t\t<div class=\"wp-show-posts-image  wpsp-image-center \">\n\t\t\t<a href=\"http:\/\/zirafidoupe.dev-null.cz\/index.php\/2025\/01\/20\/tik-tak\/\"  title=\"Tik tak\"><img loading=\"lazy\" decoding=\"async\" width=\"383\" height=\"205\" src=\"http:\/\/zirafidoupe.dev-null.cz\/wp-content\/uploads\/2025\/01\/tick_tock-e1737381534696.jpg\" class=\"attachment-full size-full wp-post-image\" alt=\"\" itemprop=\"image\" srcset=\"http:\/\/zirafidoupe.dev-null.cz\/wp-content\/uploads\/2025\/01\/tick_tock-e1737381534696.jpg 383w, http:\/\/zirafidoupe.dev-null.cz\/wp-content\/uploads\/2025\/01\/tick_tock-e1737381534696-300x161.jpg 300w\" sizes=\"(max-width: 383px) 100vw, 383px\" \/><\/a>\t\t<\/div>\n\t\t\t\t\t\t\t\t<div class=\"wp-show-posts-entry-summary\" itemprop=\"text\">\n\t\t\t\t\t\t\t<p>Inktober52 \u2013 2025, 3. zad\u00e1n\u00ed<br \/>\nt\u00e9ma tick &#8211; tock<\/p>\n\t\t\t\t\t\t<\/div><!-- .entry-summary -->\n\t\t\t\t\t<\/div><!-- wp-show-posts-inner --><\/article><article class=\" wp-show-posts-single post-352 post type-post status-publish format-standard has-post-thumbnail hentry category-inktober category-inktober52 category-kresby category-poezie wpsp-col-6\" itemtype=\"http:\/\/schema.org\/CreativeWork\" itemscope><div class=\"wp-show-posts-inner\" style=\"\">\t\t\t\t\t\t<header class=\"wp-show-posts-entry-header\">\n\t\t\t\t\t\t\t<h2 class=\"wp-show-posts-entry-title\" itemprop=\"headline\"><a href=\"http:\/\/zirafidoupe.dev-null.cz\/index.php\/2025\/01\/19\/velke-sny\/\" rel=\"bookmark\">Velk\u00e9 sny<\/a><\/h2><div class=\"wp-show-posts-entry-meta wp-show-posts-entry-meta-below-title post-meta-inline\"><span class=\"wp-show-posts-posted-on wp-show-posts-meta\">\n\t\t\t\t\t<a href=\"http:\/\/zirafidoupe.dev-null.cz\/index.php\/2025\/01\/19\/velke-sny\/\" title=\"2:04 pm\" rel=\"bookmark\"><time class=\"wp-show-posts-entry-date published\" datetime=\"2025-01-19T14:04:09+00:00\" itemprop=\"datePublished\">January 19, 2025<\/time><time class=\"wp-show-posts-updated\" datetime=\"2025-02-20T12:53:28+00:00\" itemprop=\"dateModified\">February 20, 2025<\/time><\/a>\n\t\t\t\t<\/span><\/div>\t\t\t\t\t\t<\/header><!-- .entry-header -->\n\t\t\t\t\t\t\t<div class=\"wp-show-posts-image  wpsp-image-center \">\n\t\t\t<a href=\"http:\/\/zirafidoupe.dev-null.cz\/index.php\/2025\/01\/19\/velke-sny\/\"  title=\"Velk\u00e9 sny\"><img loading=\"lazy\" decoding=\"async\" width=\"430\" height=\"337\" src=\"http:\/\/zirafidoupe.dev-null.cz\/wp-content\/uploads\/2025\/01\/PXL_20250112_172136222.RAW-02.ORIGINAL2-1-e1737036212914.jpg\" class=\"attachment-full size-full wp-post-image\" alt=\"\" itemprop=\"image\" srcset=\"http:\/\/zirafidoupe.dev-null.cz\/wp-content\/uploads\/2025\/01\/PXL_20250112_172136222.RAW-02.ORIGINAL2-1-e1737036212914.jpg 430w, http:\/\/zirafidoupe.dev-null.cz\/wp-content\/uploads\/2025\/01\/PXL_20250112_172136222.RAW-02.ORIGINAL2-1-e1737036212914-300x235.jpg 300w\" sizes=\"(max-width: 430px) 100vw, 430px\" \/><\/a>\t\t<\/div>\n\t\t\t\t\t\t\t\t<div class=\"wp-show-posts-entry-summary\" itemprop=\"text\">\n\t\t\t\t\t\t\t<p>Inktober52 -2025, 2. t\u00e9ma<br \/>\nShrimp<\/p>\n\t\t\t\t\t\t<\/div><!-- .entry-summary -->\n\t\t\t\t\t<\/div><!-- wp-show-posts-inner --><\/article><article class=\" wp-show-posts-single post-344 post type-post status-publish format-standard has-post-thumbnail hentry category-inktober category-inktober52 category-kresby category-poezie wpsp-col-6\" itemtype=\"http:\/\/schema.org\/CreativeWork\" itemscope><div class=\"wp-show-posts-inner\" style=\"\">\t\t\t\t\t\t<header class=\"wp-show-posts-entry-header\">\n\t\t\t\t\t\t\t<h2 class=\"wp-show-posts-entry-title\" itemprop=\"headline\"><a href=\"http:\/\/zirafidoupe.dev-null.cz\/index.php\/2025\/01\/16\/zimni-rana\/\" rel=\"bookmark\">Zimn\u00ed r\u00e1na<\/a><\/h2><div class=\"wp-show-posts-entry-meta wp-show-posts-entry-meta-below-title post-meta-inline\"><span class=\"wp-show-posts-posted-on wp-show-posts-meta\">\n\t\t\t\t\t<a href=\"http:\/\/zirafidoupe.dev-null.cz\/index.php\/2025\/01\/16\/zimni-rana\/\" title=\"1:49 pm\" rel=\"bookmark\"><time class=\"wp-show-posts-entry-date published\" datetime=\"2025-01-16T13:49:11+00:00\" itemprop=\"datePublished\">January 16, 2025<\/time><time class=\"wp-show-posts-updated\" datetime=\"2025-01-16T13:53:32+00:00\" itemprop=\"dateModified\">January 16, 2025<\/time><\/a>\n\t\t\t\t<\/span><\/div>\t\t\t\t\t\t<\/header><!-- .entry-header -->\n\t\t\t\t\t\t\t<div class=\"wp-show-posts-image  wpsp-image-center \">\n\t\t\t<a href=\"http:\/\/zirafidoupe.dev-null.cz\/index.php\/2025\/01\/16\/zimni-rana\/\"  title=\"Zimn\u00ed r\u00e1na\"><img loading=\"lazy\" decoding=\"async\" width=\"600\" height=\"438\" src=\"http:\/\/zirafidoupe.dev-null.cz\/wp-content\/uploads\/2025\/01\/PXL_20250108_1005082702_crop-1-e1737035145950.jpg\" class=\"attachment-full size-full wp-post-image\" alt=\"\" itemprop=\"image\" \/><\/a>\t\t<\/div>\n\t\t\t\t\t\t\t\t<div class=\"wp-show-posts-entry-summary\" itemprop=\"text\">\n\t\t\t\t\t\t\t<p>Inktober52 &#8211; 2025,  1. zad\u00e1n\u00ed<br \/>\nt\u00e9ma sunrize<\/p>\n\t\t\t\t\t\t<\/div><!-- .entry-summary -->\n\t\t\t\t\t<\/div><!-- wp-show-posts-inner --><\/article><article class=\" wp-show-posts-single post-330 post type-post status-publish format-standard has-post-thumbnail hentry category-poezie wpsp-col-6\" itemtype=\"http:\/\/schema.org\/CreativeWork\" itemscope><div class=\"wp-show-posts-inner\" style=\"\">\t\t\t\t\t\t<header class=\"wp-show-posts-entry-header\">\n\t\t\t\t\t\t\t<h2 class=\"wp-show-posts-entry-title\" itemprop=\"headline\"><a href=\"http:\/\/zirafidoupe.dev-null.cz\/index.php\/2024\/12\/06\/poezie-na-prosinec\/\" rel=\"bookmark\">Poezie na prosinec<\/a><\/h2><div class=\"wp-show-posts-entry-meta wp-show-posts-entry-meta-below-title post-meta-inline\"><span class=\"wp-show-posts-posted-on wp-show-posts-meta\">\n\t\t\t\t\t<a href=\"http:\/\/zirafidoupe.dev-null.cz\/index.php\/2024\/12\/06\/poezie-na-prosinec\/\" title=\"1:47 pm\" rel=\"bookmark\"><time class=\"wp-show-posts-entry-date published\" datetime=\"2024-12-06T13:47:17+00:00\" itemprop=\"datePublished\">December 6, 2024<\/time><time class=\"wp-show-posts-updated\" datetime=\"2024-11-05T13:49:13+00:00\" itemprop=\"dateModified\">November 5, 2024<\/time><\/a>\n\t\t\t\t<\/span><\/div>\t\t\t\t\t\t<\/header><!-- .entry-header -->\n\t\t\t\t\t\t\t<div class=\"wp-show-posts-image  wpsp-image-center \">\n\t\t\t<a href=\"http:\/\/zirafidoupe.dev-null.cz\/index.php\/2024\/12\/06\/poezie-na-prosinec\/\"  title=\"Poezie na prosinec\"><img loading=\"lazy\" decoding=\"async\" width=\"600\" height=\"600\" src=\"http:\/\/zirafidoupe.dev-null.cz\/wp-content\/uploads\/2024\/03\/IMG_0383.png\" class=\"attachment-full size-full wp-post-image\" alt=\"\" itemprop=\"image\" srcset=\"http:\/\/zirafidoupe.dev-null.cz\/wp-content\/uploads\/2024\/03\/IMG_0383.png 600w, http:\/\/zirafidoupe.dev-null.cz\/wp-content\/uploads\/2024\/03\/IMG_0383-300x300.png 300w, http:\/\/zirafidoupe.dev-null.cz\/wp-content\/uploads\/2024\/03\/IMG_0383-150x150.png 150w\" sizes=\"(max-width: 600px) 100vw, 600px\" \/><\/a>\t\t<\/div>\n\t\t\t\t\t\t\t\t<div class=\"wp-show-posts-entry-summary\" itemprop=\"text\">\n\t\t\t\t\t\t\t<p>Sladkoboln\u00e9 rozlou\u010den\u00ed<\/p>\n\t\t\t\t\t\t<\/div><!-- .entry-summary -->\n\t\t\t\t\t<\/div><!-- wp-show-posts-inner --><\/article><article class=\" wp-show-posts-single post-335 post type-post status-publish format-standard has-post-thumbnail hentry category-latest category-poezie wpsp-col-6\" itemtype=\"http:\/\/schema.org\/CreativeWork\" itemscope><div class=\"wp-show-posts-inner\" style=\"\">\t\t\t\t\t\t<header class=\"wp-show-posts-entry-header\">\n\t\t\t\t\t\t\t<h2 class=\"wp-show-posts-entry-title\" itemprop=\"headline\"><a href=\"http:\/\/zirafidoupe.dev-null.cz\/index.php\/2024\/12\/05\/poezie-pro-kazdeho\/\" rel=\"bookmark\">Poezie pro ka\u017ed\u00e9ho<\/a><\/h2><div class=\"wp-show-posts-entry-meta wp-show-posts-entry-meta-below-title post-meta-inline\"><span class=\"wp-show-posts-posted-on wp-show-posts-meta\">\n\t\t\t\t\t<a href=\"http:\/\/zirafidoupe.dev-null.cz\/index.php\/2024\/12\/05\/poezie-pro-kazdeho\/\" title=\"2:28 pm\" rel=\"bookmark\"><time class=\"wp-show-posts-entry-date published\" datetime=\"2024-12-05T14:28:10+00:00\" itemprop=\"datePublished\">December 5, 2024<\/time><\/a>\n\t\t\t\t<\/span><\/div>\t\t\t\t\t\t<\/header><!-- .entry-header -->\n\t\t\t\t\t\t\t<div class=\"wp-show-posts-image  wpsp-image-center \">\n\t\t\t<a href=\"http:\/\/zirafidoupe.dev-null.cz\/index.php\/2024\/12\/05\/poezie-pro-kazdeho\/\"  title=\"Poezie pro ka\u017ed\u00e9ho\"><img loading=\"lazy\" decoding=\"async\" width=\"192\" height=\"300\" src=\"http:\/\/zirafidoupe.dev-null.cz\/wp-content\/uploads\/2024\/12\/469094783_1815586899245480_2975120942551183470_n-1.jpg\" class=\"attachment-full size-full wp-post-image\" alt=\"\" itemprop=\"image\" \/><\/a>\t\t<\/div>\n\t\t\t\t\t\t\t\t<div class=\"wp-show-posts-entry-summary\" itemprop=\"text\">\n\t\t\t\t\t\t\t<p>Ve spolupr\u00e1ci s nakladatestv\u00edm E-knihy jedou Martina Kol\u00e1\u010dka spat\u0159ila sv\u011btlo sv\u011bta dal\u0161\u00ed moje kniha. Tentokr\u00e1t sb\u00edrka b\u00e1sn\u00ed, nesouc\u00ed n\u00e1zev Zrcadlen\u00ed. B\u00e1sn\u011b jsou v n\u00ed doprov\u00e1zeny m\u00fdmi vlastn\u00edmi barevn\u00fdmi ilustracemi. Sb\u00edrka&#8230;<\/p>\n\t\t\t\t\t\t<\/div><!-- .entry-summary -->\n\t\t\t\t\t<\/div><!-- wp-show-posts-inner --><\/article><article class=\" wp-show-posts-single post-328 post type-post status-publish format-standard has-post-thumbnail hentry category-poezie wpsp-col-6\" itemtype=\"http:\/\/schema.org\/CreativeWork\" itemscope><div class=\"wp-show-posts-inner\" style=\"\">\t\t\t\t\t\t<header class=\"wp-show-posts-entry-header\">\n\t\t\t\t\t\t\t<h2 class=\"wp-show-posts-entry-title\" itemprop=\"headline\"><a href=\"http:\/\/zirafidoupe.dev-null.cz\/index.php\/2024\/11\/07\/poezie-na-listopad\/\" rel=\"bookmark\">Poezie na listopad<\/a><\/h2><div class=\"wp-show-posts-entry-meta wp-show-posts-entry-meta-below-title post-meta-inline\"><span class=\"wp-show-posts-posted-on wp-show-posts-meta\">\n\t\t\t\t\t<a href=\"http:\/\/zirafidoupe.dev-null.cz\/index.php\/2024\/11\/07\/poezie-na-listopad\/\" title=\"1:43 pm\" rel=\"bookmark\"><time class=\"wp-show-posts-entry-date published\" datetime=\"2024-11-07T13:43:58+00:00\" itemprop=\"datePublished\">November 7, 2024<\/time><time class=\"wp-show-posts-updated\" datetime=\"2024-11-05T13:49:24+00:00\" itemprop=\"dateModified\">November 5, 2024<\/time><\/a>\n\t\t\t\t<\/span><\/div>\t\t\t\t\t\t<\/header><!-- .entry-header -->\n\t\t\t\t\t\t\t<div class=\"wp-show-posts-image  wpsp-image-center \">\n\t\t\t<a href=\"http:\/\/zirafidoupe.dev-null.cz\/index.php\/2024\/11\/07\/poezie-na-listopad\/\"  title=\"Poezie na listopad\"><img loading=\"lazy\" decoding=\"async\" width=\"600\" height=\"600\" src=\"http:\/\/zirafidoupe.dev-null.cz\/wp-content\/uploads\/2024\/03\/IMG_0384.png\" class=\"attachment-full size-full wp-post-image\" alt=\"\" itemprop=\"image\" srcset=\"http:\/\/zirafidoupe.dev-null.cz\/wp-content\/uploads\/2024\/03\/IMG_0384.png 600w, http:\/\/zirafidoupe.dev-null.cz\/wp-content\/uploads\/2024\/03\/IMG_0384-300x300.png 300w, http:\/\/zirafidoupe.dev-null.cz\/wp-content\/uploads\/2024\/03\/IMG_0384-150x150.png 150w\" sizes=\"(max-width: 600px) 100vw, 600px\" \/><\/a>\t\t<\/div>\n\t\t\t\t\t\t\t\t<div class=\"wp-show-posts-entry-summary\" itemprop=\"text\">\n\t\t\t\t\t\t\t<p>A\u017e<\/p>\n\t\t\t\t\t\t<\/div><!-- .entry-summary -->\n\t\t\t\t\t<\/div><!-- wp-show-posts-inner --><\/article><div class=\"wpsp-clear\"><\/div><\/section><!-- .wp-show-posts -->\n","protected":false},"excerpt":{"rendered":"","protected":false},"author":1,"featured_media":0,"parent":0,"menu_order":0,"comment_status":"closed","ping_status":"closed","template":"","meta":{"footnotes":""},"_links":{"self":[{"href":"http:\/\/zirafidoupe.dev-null.cz\/index.php\/wp-json\/wp\/v2\/pages\/244"}],"collection":[{"href":"http:\/\/zirafidoupe.dev-null.cz\/index.php\/wp-json\/wp\/v2\/pages"}],"about":[{"href":"http:\/\/zirafidoupe.dev-null.cz\/index.php\/wp-json\/wp\/v2\/types\/page"}],"author":[{"embeddable":true,"href":"http:\/\/zirafidoupe.dev-null.cz\/index.php\/wp-json\/wp\/v2\/users\/1"}],"replies":[{"embeddable":true,"href":"http:\/\/zirafidoupe.dev-null.cz\/index.php\/wp-json\/wp\/v2\/comments?post=244"}],"version-history":[{"count":1,"href":"http:\/\/zirafidoupe.dev-null.cz\/index.php\/wp-json\/wp\/v2\/pages\/244\/revisions"}],"predecessor-version":[{"id":245,"href":"http:\/\/zirafidoupe.dev-null.cz\/index.php\/wp-json\/wp\/v2\/pages\/244\/revisions\/245"}],"wp:attachment":[{"href":"http:\/\/zirafidoupe.dev-null.cz\/index.php\/wp-json\/wp\/v2\/media?parent=244"}],"curies":[{"name":"wp","href":"https:\/\/api.w.org\/{rel}","templated":true}]}}